{"id":145,"date":"2025-10-25T12:03:47","date_gmt":"2025-10-25T12:03:47","guid":{"rendered":"https:\/\/bezpiecznacodziennosc.pl\/?page_id=145"},"modified":"2025-12-19T21:05:08","modified_gmt":"2025-12-19T20:05:08","slug":"contact","status":"publish","type":"page","link":"https:\/\/bezpiecznacodziennosc.pl\/?page_id=145","title":{"rendered":"Kontakt"},"content":{"rendered":"\t\t<div data-elementor-type=\"wp-page\" data-elementor-id=\"145\" class=\"elementor elementor-145\" data-elementor-post-type=\"page\">\n\t\t\t\t<div class=\"elementor-element elementor-element-70f957b2 e-flex e-con-boxed e-con e-parent\" data-id=\"70f957b2\" data-element_type=\"container\" data-e-type=\"container\">\n\t\t\t\t\t<div class=\"e-con-inner\">\n\t\t\t\t<div class=\"elementor-element elementor-element-705a20ad elementor-invisible elementor-widget elementor-widget-heading\" data-id=\"705a20ad\" data-element_type=\"widget\" data-e-type=\"widget\" data-settings=\"{&quot;_animation&quot;:&quot;fadeInUp&quot;,&quot;_animation_mobile&quot;:&quot;fadeInLeft&quot;}\" data-widget_type=\"heading.default\">\n\t\t\t\t\t<h1 class=\"elementor-heading-title elementor-size-default\">Jak si\u0119 ze mn\u0105 skontaktowa\u0107?<\/h1>\t\t\t\t<\/div>\n\t\t\t\t\t<\/div>\n\t\t\t\t<\/div>\n\t\t<div class=\"elementor-element elementor-element-0ffb2ba e-con-full e-flex e-con e-parent\" data-id=\"0ffb2ba\" data-element_type=\"container\" data-e-type=\"container\" data-settings=\"{&quot;background_background&quot;:&quot;classic&quot;}\">\n\t\t<div class=\"elementor-element elementor-element-e2c4b26 e-con-full e-flex e-con e-child\" data-id=\"e2c4b26\" data-element_type=\"container\" data-e-type=\"container\">\n\t\t<div class=\"elementor-element elementor-element-85da8b0 e-con-full e-flex e-con e-child\" data-id=\"85da8b0\" data-element_type=\"container\" data-e-type=\"container\">\n\t\t\t\t<div class=\"elementor-element elementor-element-0e1fa45 elementor-invisible elementor-widget elementor-widget-heading\" data-id=\"0e1fa45\" data-element_type=\"widget\" data-e-type=\"widget\" data-settings=\"{&quot;_animation&quot;:&quot;fadeInLeft&quot;,&quot;_animation_mobile&quot;:&quot;fadeInRight&quot;}\" data-widget_type=\"heading.default\">\n\t\t\t\t\t<h2 class=\"elementor-heading-title elementor-size-default\">Wype\u0142nij formularz kontaktowy<\/h2>\t\t\t\t<\/div>\n\t\t\t\t<div class=\"elementor-element elementor-element-2f99705 elementor-button-align-stretch elementor-invisible elementor-widget elementor-widget-form\" data-id=\"2f99705\" data-element_type=\"widget\" data-e-type=\"widget\" data-settings=\"{&quot;button_width&quot;:&quot;70&quot;,&quot;step_next_label&quot;:&quot;Next&quot;,&quot;step_previous_label&quot;:&quot;Previous&quot;,&quot;_animation&quot;:&quot;fadeInLeft&quot;,&quot;_animation_mobile&quot;:&quot;fadeInUp&quot;,&quot;step_type&quot;:&quot;number_text&quot;,&quot;step_icon_shape&quot;:&quot;circle&quot;}\" data-widget_type=\"form.default\">\n\t\t\t\t\t\t\t<form class=\"elementor-form\" method=\"post\" name=\"Formularz kontaktowy\" aria-label=\"Formularz kontaktowy\">\n\t\t\t<input type=\"hidden\" name=\"post_id\" value=\"145\"\/>\n\t\t\t<input type=\"hidden\" name=\"form_id\" value=\"2f99705\"\/>\n\t\t\t<input type=\"hidden\" name=\"referer_title\" value=\"Kontakt - bezpiecznacodziennosc.pl\" \/>\n\n\t\t\t\t\t\t\t<input type=\"hidden\" name=\"queried_id\" value=\"145\"\/>\n\t\t\t\n\t\t\t<div class=\"elementor-form-fields-wrapper elementor-labels-\">\n\t\t\t\t\t\t\t\t<div class=\"elementor-field-type-text elementor-field-group elementor-column elementor-field-group-name elementor-col-100\">\n\t\t\t\t\t\t\t\t\t\t\t\t<label for=\"form-field-name\" class=\"elementor-field-label elementor-screen-only\">\n\t\t\t\t\t\t\t\tImi\u0119 i nazwisko\t\t\t\t\t\t\t<\/label>\n\t\t\t\t\t\t\t\t\t\t\t\t\t\t<input size=\"1\" type=\"text\" name=\"form_fields[name]\" id=\"form-field-name\" class=\"elementor-field elementor-size-lg  elementor-field-textual\" placeholder=\"Imi\u0119\u00a0i nazwisko\">\n\t\t\t\t\t\t\t\t\t\t\t<\/div>\n\t\t\t\t\t\t\t\t<div class=\"elementor-field-type-tel elementor-field-group elementor-column elementor-field-group-email elementor-col-100 elementor-field-required\">\n\t\t\t\t\t\t\t\t\t\t\t\t<label for=\"form-field-email\" class=\"elementor-field-label elementor-screen-only\">\n\t\t\t\t\t\t\t\tNumer telefonu\t\t\t\t\t\t\t<\/label>\n\t\t\t\t\t\t\t\t<input size=\"1\" type=\"tel\" name=\"form_fields[email]\" id=\"form-field-email\" class=\"elementor-field elementor-size-lg  elementor-field-textual\" placeholder=\"Telefon\" required=\"required\" pattern=\"[0-9()#&amp;+*-=.]+\" title=\"Only numbers and phone characters (#, -, *, etc) are accepted.\">\n\n\t\t\t\t\t\t<\/div>\n\t\t\t\t\t\t\t\t<div class=\"elementor-field-type-email elementor-field-group elementor-column elementor-field-group-field_708edf5 elementor-col-100 elementor-field-required\">\n\t\t\t\t\t\t\t\t\t\t\t\t<label for=\"form-field-field_708edf5\" class=\"elementor-field-label elementor-screen-only\">\n\t\t\t\t\t\t\t\tEmail\t\t\t\t\t\t\t<\/label>\n\t\t\t\t\t\t\t\t\t\t\t\t\t\t<input size=\"1\" type=\"email\" name=\"form_fields[field_708edf5]\" id=\"form-field-field_708edf5\" class=\"elementor-field elementor-size-lg  elementor-field-textual\" placeholder=\"Email\" required=\"required\">\n\t\t\t\t\t\t\t\t\t\t\t<\/div>\n\t\t\t\t\t\t\t\t<div class=\"elementor-field-type-textarea elementor-field-group elementor-column elementor-field-group-message elementor-col-100\">\n\t\t\t\t\t\t\t\t\t\t\t\t<label for=\"form-field-message\" class=\"elementor-field-label elementor-screen-only\">\n\t\t\t\t\t\t\t\tWiadomo\u015b\u0107\t\t\t\t\t\t\t<\/label>\n\t\t\t\t\t\t<textarea class=\"elementor-field-textual elementor-field  elementor-size-lg\" name=\"form_fields[message]\" id=\"form-field-message\" rows=\"4\" placeholder=\"Wiadomo\u015b\u0107\"><\/textarea>\t\t\t\t<\/div>\n\t\t\t\t\t\t\t\t<div class=\"elementor-field-group elementor-column elementor-field-type-submit elementor-col-70 e-form__buttons\">\n\t\t\t\t\t<button class=\"elementor-button elementor-size-lg\" type=\"submit\">\n\t\t\t\t\t\t<span class=\"elementor-button-content-wrapper\">\n\t\t\t\t\t\t\t\t\t\t\t\t\t\t\t\t\t\t\t\t\t\t<span class=\"elementor-button-text\">Wy\u015blij wiadomo\u015b\u0107<\/span>\n\t\t\t\t\t\t\t\t\t\t\t\t\t<\/span>\n\t\t\t\t\t<\/button>\n\t\t\t\t<\/div>\n\t\t\t<\/div>\n\t\t<\/form>\n\t\t\t\t\t\t<\/div>\n\t\t\t\t<\/div>\n\t\t<div class=\"elementor-element elementor-element-aad9b4c e-con-full e-flex e-con e-child\" data-id=\"aad9b4c\" data-element_type=\"container\" data-e-type=\"container\">\n\t\t\t\t<div class=\"elementor-element elementor-element-7835434 elementor-invisible elementor-widget elementor-widget-heading\" data-id=\"7835434\" data-element_type=\"widget\" data-e-type=\"widget\" data-settings=\"{&quot;_animation&quot;:&quot;fadeInRight&quot;,&quot;_animation_mobile&quot;:&quot;fadeInLeft&quot;}\" data-widget_type=\"heading.default\">\n\t\t\t\t\t<h2 class=\"elementor-heading-title elementor-size-default\">Napisz bezpo\u015brednio emaila<\/h2>\t\t\t\t<\/div>\n\t\t<div class=\"elementor-element elementor-element-7dfd11d e-con-full e-flex elementor-invisible e-con e-child\" data-id=\"7dfd11d\" data-element_type=\"container\" data-e-type=\"container\" data-settings=\"{&quot;animation&quot;:&quot;fadeInRight&quot;,&quot;animation_mobile&quot;:&quot;fadeInRight&quot;}\">\n\t\t<div class=\"elementor-element elementor-element-e8905b2 e-con-full e-flex e-con e-child\" data-id=\"e8905b2\" data-element_type=\"container\" data-e-type=\"container\">\n\t\t\t\t<div class=\"elementor-element elementor-element-cbde32b elementor-widget elementor-widget-image\" data-id=\"cbde32b\" data-element_type=\"widget\" data-e-type=\"widget\" data-widget_type=\"image.default\">\n\t\t\t\t\t\t\t\t\t\t\t\t\t\t\t<img fetchpriority=\"high\" decoding=\"async\" width=\"512\" height=\"512\" src=\"https:\/\/bezpiecznacodziennosc.pl\/wp-content\/uploads\/2025\/12\/mail_1324120.png\" class=\"attachment-large size-large wp-image-2070\" alt=\"\" srcset=\"https:\/\/bezpiecznacodziennosc.pl\/wp-content\/uploads\/2025\/12\/mail_1324120.png 512w, https:\/\/bezpiecznacodziennosc.pl\/wp-content\/uploads\/2025\/12\/mail_1324120-300x300.png 300w, https:\/\/bezpiecznacodziennosc.pl\/wp-content\/uploads\/2025\/12\/mail_1324120-150x150.png 150w\" sizes=\"(max-width: 512px) 100vw, 512px\" \/>\t\t\t\t\t\t\t\t\t\t\t\t\t\t\t<\/div>\n\t\t\t\t<\/div>\n\t\t<div class=\"elementor-element elementor-element-da7507f e-con-full e-flex e-con e-child\" data-id=\"da7507f\" data-element_type=\"container\" data-e-type=\"container\">\n\t\t\t\t<div class=\"elementor-element elementor-element-a5057b6 elementor-widget elementor-widget-heading\" data-id=\"a5057b6\" data-element_type=\"widget\" data-e-type=\"widget\" data-widget_type=\"heading.default\">\n\t\t\t\t\t<p class=\"elementor-heading-title elementor-size-default\">bezpiecznacodzienno\u015b\u0107@biuro.pl\n<\/p>\t\t\t\t<\/div>\n\t\t\t\t<\/div>\n\t\t\t\t<\/div>\n\t\t<div class=\"elementor-element elementor-element-6cacd92 e-con-full e-flex elementor-invisible e-con e-child\" data-id=\"6cacd92\" data-element_type=\"container\" data-e-type=\"container\" data-settings=\"{&quot;animation&quot;:&quot;fadeInRight&quot;,&quot;animation_mobile&quot;:&quot;none&quot;}\">\n\t\t<div class=\"elementor-element elementor-element-4235021 e-con-full e-flex e-con e-child\" data-id=\"4235021\" data-element_type=\"container\" data-e-type=\"container\">\n\t\t\t\t<div class=\"elementor-element elementor-element-b3908d6 elementor-invisible elementor-widget elementor-widget-heading\" data-id=\"b3908d6\" data-element_type=\"widget\" data-e-type=\"widget\" data-settings=\"{&quot;_animation&quot;:&quot;fadeInRight&quot;,&quot;_animation_tablet&quot;:&quot;fadeInRight&quot;,&quot;_animation_mobile&quot;:&quot;fadeInLeft&quot;}\" data-widget_type=\"heading.default\">\n\t\t\t\t\t<h2 class=\"elementor-heading-title elementor-size-default\">Informacje kontaktowe<\/h2>\t\t\t\t<\/div>\n\t\t\t\t<div class=\"elementor-element elementor-element-67d0c61 elementor-invisible elementor-widget elementor-widget-heading\" data-id=\"67d0c61\" data-element_type=\"widget\" data-e-type=\"widget\" data-settings=\"{&quot;_animation&quot;:&quot;fadeInRight&quot;}\" data-widget_type=\"heading.default\">\n\t\t\t\t\t<p class=\"elementor-heading-title elementor-size-default\">Je\u015bli masz pytania dotycz\u0105ce artyku\u0142\u00f3w, chcesz podzieli\u0107 si\u0119 swoimi uwagami albo zasugerowa\u0107 temat, kt\u00f3ry warto poruszy\u0107 \u2014 napisz do mnie. Ka\u017cda wiadomo\u015b\u0107 jest dla mnie cenna i pomaga rozwija\u0107 Bezpieczn\u0105 Codzienno\u015b\u0107 tak, by by\u0142a jak najbardziej praktyczna i pomocna.<\/p>\t\t\t\t<\/div>\n\t\t\t\t<div class=\"elementor-element elementor-element-9ff4f4f elementor-invisible elementor-widget elementor-widget-heading\" data-id=\"9ff4f4f\" data-element_type=\"widget\" data-e-type=\"widget\" data-settings=\"{&quot;_animation&quot;:&quot;fadeInRight&quot;,&quot;_animation_mobile&quot;:&quot;fadeInLeft&quot;}\" data-widget_type=\"heading.default\">\n\t\t\t\t\t<p class=\"elementor-heading-title elementor-size-default\">Je\u015bli my\u015blisz o wsp\u00f3\u0142pracy lub wsp\u00f3lnym projekcie, r\u00f3wnie\u017c z rado\u015bci\u0105 przeczytam Twoj\u0105 wiadomo\u015b\u0107.\u200b<\/p>\t\t\t\t<\/div>\n\t\t\t\t<\/div>\n\t\t\t\t<\/div>\n\t\t\t\t<\/div>\n\t\t\t\t<\/div>\n\t\t\t\t<\/div>\n\t\t<div class=\"elementor-element elementor-element-2a2876a1 e-flex e-con-boxed e-con e-parent\" data-id=\"2a2876a1\" data-element_type=\"container\" data-e-type=\"container\" data-settings=\"{&quot;background_background&quot;:&quot;classic&quot;}\">\n\t\t\t\t\t<div class=\"e-con-inner\">\n\t\t<div class=\"elementor-element elementor-element-c7407e4 e-con-full e-flex e-con e-child\" data-id=\"c7407e4\" data-element_type=\"container\" data-e-type=\"container\">\n\t\t<div class=\"elementor-element elementor-element-948ecd8 e-con-full e-flex e-con e-child\" data-id=\"948ecd8\" data-element_type=\"container\" data-e-type=\"container\">\n\t\t\t\t<div class=\"elementor-element elementor-element-30348972 elementor-invisible elementor-widget elementor-widget-heading\" data-id=\"30348972\" data-element_type=\"widget\" data-e-type=\"widget\" data-settings=\"{&quot;_animation&quot;:&quot;fadeInLeft&quot;}\" data-widget_type=\"heading.default\">\n\t\t\t\t\t<h1 class=\"elementor-heading-title elementor-size-default\">Zobacz ostatnie artyku\u0142y<\/h1>\t\t\t\t<\/div>\n\t\t\t\t<div class=\"elementor-element elementor-element-b612f92 elementor-invisible elementor-widget elementor-widget-heading\" data-id=\"b612f92\" data-element_type=\"widget\" data-e-type=\"widget\" data-settings=\"{&quot;_animation&quot;:&quot;fadeInLeft&quot;,&quot;_animation_mobile&quot;:&quot;fadeInRight&quot;}\" data-widget_type=\"heading.default\">\n\t\t\t\t\t<p class=\"elementor-heading-title elementor-size-default\">Poznaj moje najnowsze spostrze\u017cenia i historie, kt\u00f3re pomog\u0105 Ci by\u0107 na bie\u017c\u0105co z wa\u017cnymi tematami codziennego bezpiecze\u0144stwa<\/p>\t\t\t\t<\/div>\n\t\t\t\t<\/div>\n\t\t<div class=\"elementor-element elementor-element-a719255 e-con-full e-flex e-con e-child\" data-id=\"a719255\" data-element_type=\"container\" data-e-type=\"container\">\n\t\t\t\t<\/div>\n\t\t\t\t<\/div>\n\t\t\t\t<div class=\"elementor-element elementor-element-403219f2 elementor-posts--align-left elementor-grid-tablet-3 elementor-grid-3 elementor-grid-mobile-1 elementor-posts--thumbnail-top elementor-card-shadow-yes elementor-posts__hover-gradient elementor-invisible elementor-widget elementor-widget-posts\" data-id=\"403219f2\" data-element_type=\"widget\" data-e-type=\"widget\" data-settings=\"{&quot;_animation&quot;:&quot;fadeIn&quot;,&quot;cards_columns_tablet&quot;:&quot;3&quot;,&quot;cards_columns&quot;:&quot;3&quot;,&quot;cards_columns_mobile&quot;:&quot;1&quot;,&quot;cards_row_gap&quot;:{&quot;unit&quot;:&quot;px&quot;,&quot;size&quot;:35,&quot;sizes&quot;:[]},&quot;cards_row_gap_tablet&quot;:{&quot;unit&quot;:&quot;px&quot;,&quot;size&quot;:&quot;&quot;,&quot;sizes&quot;:[]},&quot;cards_row_gap_mobile&quot;:{&quot;unit&quot;:&quot;px&quot;,&quot;size&quot;:&quot;&quot;,&quot;sizes&quot;:[]}}\" data-widget_type=\"posts.cards\">\n\t\t\t\t<div class=\"elementor-widget-container\">\n\t\t\t\t\t\t\t<div class=\"elementor-posts-container elementor-posts elementor-posts--skin-cards elementor-grid\" role=\"list\">\n\t\t\t\t<article class=\"elementor-post elementor-grid-item post-2848 post type-post status-publish format-standard has-post-thumbnail hentry category-uncategorized\" role=\"listitem\">\n\t\t\t<div class=\"elementor-post__card\">\n\t\t\t\t<a class=\"elementor-post__thumbnail__link\" href=\"https:\/\/bezpiecznacodziennosc.pl\/?p=2848\" tabindex=\"-1\" target=\"_blank\"><div class=\"elementor-post__thumbnail\"><img decoding=\"async\" width=\"1536\" height=\"1024\" src=\"https:\/\/bezpiecznacodziennosc.pl\/wp-content\/uploads\/2025\/12\/wlamanie.png\" class=\"attachment-full size-full wp-image-2852\" alt=\"\" srcset=\"https:\/\/bezpiecznacodziennosc.pl\/wp-content\/uploads\/2025\/12\/wlamanie.png 1536w, https:\/\/bezpiecznacodziennosc.pl\/wp-content\/uploads\/2025\/12\/wlamanie-300x200.png 300w, https:\/\/bezpiecznacodziennosc.pl\/wp-content\/uploads\/2025\/12\/wlamanie-1024x683.png 1024w, https:\/\/bezpiecznacodziennosc.pl\/wp-content\/uploads\/2025\/12\/wlamanie-768x512.png 768w\" sizes=\"(max-width: 1536px) 100vw, 1536px\" \/><\/div><\/a>\n\t\t\t\t<div class=\"elementor-post__text\">\n\t\t\t\t<h3 class=\"elementor-post__title\">\n\t\t\t<a href=\"https:\/\/bezpiecznacodziennosc.pl\/?p=2848\" target=&quot;_blank&quot;>\n\t\t\t\tW\u0142amanie do domu\t\t\t<\/a>\n\t\t<\/h3>\n\t\t\t\t<div class=\"elementor-post__excerpt\">\n\t\t\t<p>W\u0142amania zdarzaj\u0105 si\u0119 cz\u0119\u015bciej, ni\u017c my\u015blimy. Kilka prostych zasad pozwala skutecznie chroni\u0107 dom i zwi\u0119kszy\u0107 codzienne poczucie bezpiecze\u0144stwa.<\/p>\n\t\t<\/div>\n\t\t\t\t\t<div class=\"elementor-post__read-more-wrapper\">\n\t\t\n\t\t<a class=\"elementor-post__read-more\" href=\"https:\/\/bezpiecznacodziennosc.pl\/?p=2848\" aria-label=\"Read more about W\u0142amanie do domu\" tabindex=\"-1\" target=\"_blank\">\n\t\t\tZobacz artyku\u0142\t\t<\/a>\n\n\t\t\t\t\t<\/div>\n\t\t\t\t<\/div>\n\t\t\t\t\t<\/div>\n\t\t<\/article>\n\t\t\t\t<article class=\"elementor-post elementor-grid-item post-1030 post type-post status-publish format-standard has-post-thumbnail hentry category-uncategorized\" role=\"listitem\">\n\t\t\t<div class=\"elementor-post__card\">\n\t\t\t\t<a class=\"elementor-post__thumbnail__link\" href=\"https:\/\/bezpiecznacodziennosc.pl\/?p=1030\" tabindex=\"-1\" target=\"_blank\"><div class=\"elementor-post__thumbnail\"><img decoding=\"async\" width=\"1536\" height=\"1024\" src=\"https:\/\/bezpiecznacodziennosc.pl\/wp-content\/uploads\/2025\/10\/Fake-police.png\" class=\"attachment-full size-full wp-image-401\" alt=\"\" srcset=\"https:\/\/bezpiecznacodziennosc.pl\/wp-content\/uploads\/2025\/10\/Fake-police.png 1536w, https:\/\/bezpiecznacodziennosc.pl\/wp-content\/uploads\/2025\/10\/Fake-police-300x200.png 300w, https:\/\/bezpiecznacodziennosc.pl\/wp-content\/uploads\/2025\/10\/Fake-police-1024x683.png 1024w, https:\/\/bezpiecznacodziennosc.pl\/wp-content\/uploads\/2025\/10\/Fake-police-768x512.png 768w\" sizes=\"(max-width: 1536px) 100vw, 1536px\" \/><\/div><\/a>\n\t\t\t\t<div class=\"elementor-post__text\">\n\t\t\t\t<h3 class=\"elementor-post__title\">\n\t\t\t<a href=\"https:\/\/bezpiecznacodziennosc.pl\/?p=1030\" target=&quot;_blank&quot;>\n\t\t\t\tOszustwo &#8220;na policjanta&#8221;\t\t\t<\/a>\n\t\t<\/h3>\n\t\t\t\t<div class=\"elementor-post__excerpt\">\n\t\t\t<p>\u201eOszustwo na policjanta\u201d zaczyna si\u0119 od dramatycznego telefonu o rzekomy wypadek bliskiego. Wyja\u015bniam, jak dzia\u0142a i jak si\u0119 chroni\u0107.<\/p>\n\t\t<\/div>\n\t\t\t\t\t<div class=\"elementor-post__read-more-wrapper\">\n\t\t\n\t\t<a class=\"elementor-post__read-more\" href=\"https:\/\/bezpiecznacodziennosc.pl\/?p=1030\" aria-label=\"Read more about Oszustwo &#8220;na policjanta&#8221;\" tabindex=\"-1\" target=\"_blank\">\n\t\t\tZobacz artyku\u0142\t\t<\/a>\n\n\t\t\t\t\t<\/div>\n\t\t\t\t<\/div>\n\t\t\t\t\t<\/div>\n\t\t<\/article>\n\t\t\t\t<article class=\"elementor-post elementor-grid-item post-1003 post type-post status-publish format-standard has-post-thumbnail hentry category-uncategorized\" role=\"listitem\">\n\t\t\t<div class=\"elementor-post__card\">\n\t\t\t\t<a class=\"elementor-post__thumbnail__link\" href=\"https:\/\/bezpiecznacodziennosc.pl\/?p=1003\" tabindex=\"-1\" target=\"_blank\"><div class=\"elementor-post__thumbnail\"><img loading=\"lazy\" decoding=\"async\" width=\"1536\" height=\"1024\" src=\"https:\/\/bezpiecznacodziennosc.pl\/wp-content\/uploads\/2025\/10\/Ozzustwo-OLX.png\" class=\"attachment-full size-full wp-image-403\" alt=\"\" srcset=\"https:\/\/bezpiecznacodziennosc.pl\/wp-content\/uploads\/2025\/10\/Ozzustwo-OLX.png 1536w, https:\/\/bezpiecznacodziennosc.pl\/wp-content\/uploads\/2025\/10\/Ozzustwo-OLX-300x200.png 300w, https:\/\/bezpiecznacodziennosc.pl\/wp-content\/uploads\/2025\/10\/Ozzustwo-OLX-1024x683.png 1024w, https:\/\/bezpiecznacodziennosc.pl\/wp-content\/uploads\/2025\/10\/Ozzustwo-OLX-768x512.png 768w\" sizes=\"(max-width: 1536px) 100vw, 1536px\" \/><\/div><\/a>\n\t\t\t\t<div class=\"elementor-post__text\">\n\t\t\t\t<h3 class=\"elementor-post__title\">\n\t\t\t<a href=\"https:\/\/bezpiecznacodziennosc.pl\/?p=1003\" target=&quot;_blank&quot;>\n\t\t\t\tOszustwa OLX\t\t\t<\/a>\n\t\t<\/h3>\n\t\t\t\t<div class=\"elementor-post__excerpt\">\n\t\t\t<p>Oszustwa na OLX rosn\u0105. Podszywaj\u0105 si\u0119 pod kupuj\u0105cych, wysy\u0142aj\u0105 fa\u0142szywe linki i wy\u0142udzaj\u0105 dane. Pokazuj\u0119, jak je rozpozna\u0107 i unikn\u0105\u0107.<\/p>\n\t\t<\/div>\n\t\t\t\t\t<div class=\"elementor-post__read-more-wrapper\">\n\t\t\n\t\t<a class=\"elementor-post__read-more\" href=\"https:\/\/bezpiecznacodziennosc.pl\/?p=1003\" aria-label=\"Read more about Oszustwa OLX\" tabindex=\"-1\" target=\"_blank\">\n\t\t\tZobacz artyku\u0142\t\t<\/a>\n\n\t\t\t\t\t<\/div>\n\t\t\t\t<\/div>\n\t\t\t\t\t<\/div>\n\t\t<\/article>\n\t\t\t\t<\/div>\n\t\t\n\t\t\t\t\t\t<\/div>\n\t\t\t\t<\/div>\n\t\t\t\t<div class=\"elementor-element elementor-element-a1eb061 elementor-mobile-align-center elementor-invisible elementor-widget elementor-widget-button\" data-id=\"a1eb061\" data-element_type=\"widget\" data-e-type=\"widget\" data-settings=\"{&quot;_animation&quot;:&quot;fadeInRight&quot;}\" data-widget_type=\"button.default\">\n\t\t\t\t\t\t\t\t\t\t<a class=\"elementor-button elementor-button-link elementor-size-sm\" href=\"https:\/\/bezpiecznacodziennosc.pl\/?page_id=159\">\n\t\t\t\t\t\t<span class=\"elementor-button-content-wrapper\">\n\t\t\t\t\t\t\t\t\t<span class=\"elementor-button-text\">Zobacz wszystkie artyku\u0142y<\/span>\n\t\t\t\t\t<\/span>\n\t\t\t\t\t<\/a>\n\t\t\t\t\t\t\t\t<\/div>\n\t\t\t\t\t<\/div>\n\t\t\t\t<\/div>\n\t\t\t\t<\/div>\n\t\t","protected":false},"excerpt":{"rendered":"<p>Jak si\u0119 ze mn\u0105 skontaktowa\u0107? Wype\u0142nij formularz kontaktowy Napisz bezpo\u015brednio emaila bezpiecznacodzienno\u015b\u0107@biuro.pl Informacje kontaktowe Je\u015bli masz pytania dotycz\u0105ce artyku\u0142\u00f3w, chcesz podzieli\u0107 si\u0119 swoimi uwagami albo zasugerowa\u0107 temat, kt\u00f3ry warto poruszy\u0107 \u2014 napisz do mnie. Ka\u017cda wiadomo\u015b\u0107 jest dla mnie cenna i pomaga rozwija\u0107 Bezpieczn\u0105 Codzienno\u015b\u0107 tak, by by\u0142a jak najbardziej praktyczna i pomocna. Je\u015bli my\u015blisz [&hellip;]<\/p>\n","protected":false},"author":1,"featured_media":152,"parent":0,"menu_order":0,"comment_status":"closed","ping_status":"closed","template":"elementor_header_footer","meta":{"footnotes":""},"class_list":["post-145","page","type-page","status-publish","has-post-thumbnail","hentry"],"_links":{"self":[{"href":"https:\/\/bezpiecznacodziennosc.pl\/index.php?rest_route=\/wp\/v2\/pages\/145","targetHints":{"allow":["GET"]}}],"collection":[{"href":"https:\/\/bezpiecznacodziennosc.pl\/index.php?rest_route=\/wp\/v2\/pages"}],"about":[{"href":"https:\/\/bezpiecznacodziennosc.pl\/index.php?rest_route=\/wp\/v2\/types\/page"}],"author":[{"embeddable":true,"href":"https:\/\/bezpiecznacodziennosc.pl\/index.php?rest_route=\/wp\/v2\/users\/1"}],"replies":[{"embeddable":true,"href":"https:\/\/bezpiecznacodziennosc.pl\/index.php?rest_route=%2Fwp%2Fv2%2Fcomments&post=145"}],"version-history":[{"count":547,"href":"https:\/\/bezpiecznacodziennosc.pl\/index.php?rest_route=\/wp\/v2\/pages\/145\/revisions"}],"predecessor-version":[{"id":2869,"href":"https:\/\/bezpiecznacodziennosc.pl\/index.php?rest_route=\/wp\/v2\/pages\/145\/revisions\/2869"}],"wp:featuredmedia":[{"embeddable":true,"href":"https:\/\/bezpiecznacodziennosc.pl\/index.php?rest_route=\/wp\/v2\/media\/152"}],"wp:attachment":[{"href":"https:\/\/bezpiecznacodziennosc.pl\/index.php?rest_route=%2Fwp%2Fv2%2Fmedia&parent=145"}],"curies":[{"name":"wp","href":"https:\/\/api.w.org\/{rel}","templated":true}]}}